{"id":41,"date":"2021-04-06T13:10:47","date_gmt":"2021-04-06T13:10:47","guid":{"rendered":"https:\/\/sv-stargarder.de\/?page_id=41"},"modified":"2021-04-08T16:29:45","modified_gmt":"2021-04-08T16:29:45","slug":"gut-zu-wissen","status":"publish","type":"page","link":"https:\/\/sv-stargarder.de\/?page_id=41","title":{"rendered":"Gut zu Wissen"},"content":{"rendered":"\n<p>Unter dieser Rurik wollen wir kleine  Hilfestellungen geben und \u00fcber verschiedene Tipps und Tricks informieren. <\/p>\n\n\n\n<p>Beitr\u00e4ge sind herzlich willkommen!<\/p>\n\n\n\n<p><\/p>\n\n\n<div class=\"pt-cv-wrapper\"><div class=\"pt-cv-view pt-cv-grid pt-cv-colsys\" id=\"pt-cv-view-a3d5e3fh8i\"><div data-id=\"pt-cv-page-1\" class=\"pt-cv-page\" data-cvc=\"2\"><div class=\"col-md-6 col-sm-6 col-xs-12 pt-cv-content-item pt-cv-1-col\" ><div class='pt-cv-ifield'><a href=\"https:\/\/sv-stargarder.de\/?p=681\" class=\"_self pt-cv-href-thumbnail pt-cv-thumb-default\" target=\"_self\" ><img loading=\"lazy\" decoding=\"async\" width=\"230\" height=\"228\" src=\"https:\/\/sv-stargarder.de\/wp-content\/uploads\/2023\/04\/VDT.jpg\" class=\"pt-cv-thumbnail\" alt=\"\" srcset=\"https:\/\/sv-stargarder.de\/wp-content\/uploads\/2023\/04\/VDT.jpg 230w, https:\/\/sv-stargarder.de\/wp-content\/uploads\/2023\/04\/VDT-150x150.jpg 150w\" sizes=\"auto, (max-width: 230px) 100vw, 230px\" \/><\/a>\n<h4 class=\"pt-cv-title\"><a href=\"https:\/\/sv-stargarder.de\/?p=681\" class=\"_self\" target=\"_self\" >Aktueller Newsletter des VDT<\/a><\/h4>\n<div class=\"pt-cv-content\">Direkt zum\u00a0Newsletter Juli 2023 ...<br \/><div class=\"pt-cv-rmwrap\"><a href=\"https:\/\/sv-stargarder.de\/?p=681\" class=\"_self pt-cv-readmore btn btn-success\" target=\"_self\">Weiterlesen \u2026<\/a><\/div><\/div><\/div><\/div>\n<div class=\"col-md-6 col-sm-6 col-xs-12 pt-cv-content-item pt-cv-1-col\" ><div class='pt-cv-ifield'><a href=\"https:\/\/sv-stargarder.de\/?p=656\" class=\"_self pt-cv-href-thumbnail pt-cv-thumb-default\" target=\"_self\" ><img loading=\"lazy\" decoding=\"async\" width=\"195\" height=\"243\" src=\"https:\/\/sv-stargarder.de\/wp-content\/uploads\/2023\/04\/E4E97F9A-EA89-42BB-BB1C-E2D39B6955C9.jpeg\" class=\"pt-cv-thumbnail\" alt=\"\" \/><\/a>\n<h4 class=\"pt-cv-title\"><a href=\"https:\/\/sv-stargarder.de\/?p=656\" class=\"_self\" target=\"_self\" >Petition \u201eImpfen statt Keulen\u201c<\/a><\/h4>\n<div class=\"pt-cv-content\">Durch den BDRG gestartete Petition, muss einfach unterst\u00fctzt werden. Hier geht es zur Petition : https:\/\/www.bdrg.de\/tierschutz\/impfen-statt-keulen ...<br \/><div class=\"pt-cv-rmwrap\"><a href=\"https:\/\/sv-stargarder.de\/?p=656\" class=\"_self pt-cv-readmore btn btn-success\" target=\"_self\">Weiterlesen \u2026<\/a><\/div><\/div><\/div><\/div>\n<div class=\"col-md-6 col-sm-6 col-xs-12 pt-cv-content-item pt-cv-1-col\" ><div class='pt-cv-ifield'><a href=\"https:\/\/sv-stargarder.de\/?p=645\" class=\"_self pt-cv-href-thumbnail pt-cv-thumb-default\" target=\"_self\" ><img loading=\"lazy\" decoding=\"async\" width=\"230\" height=\"228\" src=\"https:\/\/sv-stargarder.de\/wp-content\/uploads\/2023\/04\/VDT.jpg\" class=\"pt-cv-thumbnail\" alt=\"\" srcset=\"https:\/\/sv-stargarder.de\/wp-content\/uploads\/2023\/04\/VDT.jpg 230w, https:\/\/sv-stargarder.de\/wp-content\/uploads\/2023\/04\/VDT-150x150.jpg 150w\" sizes=\"auto, (max-width: 230px) 100vw, 230px\" \/><\/a>\n<h4 class=\"pt-cv-title\"><a href=\"https:\/\/sv-stargarder.de\/?p=645\" class=\"_self\" target=\"_self\" >Aktueller Newsletter des VDT<\/a><\/h4>\n<div class=\"pt-cv-content\">Direkt zum Newsletter April 2023 ...<br \/><div class=\"pt-cv-rmwrap\"><a href=\"https:\/\/sv-stargarder.de\/?p=645\" class=\"_self pt-cv-readmore btn btn-success\" target=\"_self\">Weiterlesen \u2026<\/a><\/div><\/div><\/div><\/div>\n<div class=\"col-md-6 col-sm-6 col-xs-12 pt-cv-content-item pt-cv-1-col\" ><div class='pt-cv-ifield'><a href=\"https:\/\/sv-stargarder.de\/?p=489\" class=\"_self pt-cv-href-thumbnail pt-cv-thumb-default\" target=\"_self\" ><img loading=\"lazy\" decoding=\"async\" width=\"300\" height=\"225\" src=\"https:\/\/sv-stargarder.de\/wp-content\/uploads\/2022\/01\/Junge-ST-300x225.jpg\" class=\"pt-cv-thumbnail\" alt=\"\" srcset=\"https:\/\/sv-stargarder.de\/wp-content\/uploads\/2022\/01\/Junge-ST-300x225.jpg 300w, https:\/\/sv-stargarder.de\/wp-content\/uploads\/2022\/01\/Junge-ST-1024x768.jpg 1024w, https:\/\/sv-stargarder.de\/wp-content\/uploads\/2022\/01\/Junge-ST-768x576.jpg 768w, https:\/\/sv-stargarder.de\/wp-content\/uploads\/2022\/01\/Junge-ST-1536x1152.jpg 1536w, https:\/\/sv-stargarder.de\/wp-content\/uploads\/2022\/01\/Junge-ST-2048x1536.jpg 2048w\" sizes=\"auto, (max-width: 300px) 100vw, 300px\" \/><\/a>\n<h4 class=\"pt-cv-title\"><a href=\"https:\/\/sv-stargarder.de\/?p=489\" class=\"_self\" target=\"_self\" >Erfahrung mit der Rotavirenimpfung (Teil 2)<\/a><\/h4>\n<div class=\"pt-cv-content\">von Kai Schnellb\u00e4cher Wie schon im Fr\u00fchjahr 2021 geschrieben, hatte mir mein Tierarzt angeboten meine Tauben gegen Rotaviren zu impfen ...<br \/><div class=\"pt-cv-rmwrap\"><a href=\"https:\/\/sv-stargarder.de\/?p=489\" class=\"_self pt-cv-readmore btn btn-success\" target=\"_self\">Weiterlesen \u2026<\/a><\/div><\/div><\/div><\/div>\n<div class=\"col-md-6 col-sm-6 col-xs-12 pt-cv-content-item pt-cv-1-col\" ><div class='pt-cv-ifield'><a href=\"https:\/\/sv-stargarder.de\/?p=301\" class=\"_self pt-cv-href-thumbnail pt-cv-thumb-default\" target=\"_self\" ><img loading=\"lazy\" decoding=\"async\" width=\"300\" height=\"225\" src=\"https:\/\/sv-stargarder.de\/wp-content\/uploads\/2021\/06\/IMG_0265-scaled-e1624368267923-300x225.jpg\" class=\"pt-cv-thumbnail\" alt=\"\" srcset=\"https:\/\/sv-stargarder.de\/wp-content\/uploads\/2021\/06\/IMG_0265-scaled-e1624368267923-300x225.jpg 300w, https:\/\/sv-stargarder.de\/wp-content\/uploads\/2021\/06\/IMG_0265-scaled-e1624368267923-1024x768.jpg 1024w, https:\/\/sv-stargarder.de\/wp-content\/uploads\/2021\/06\/IMG_0265-scaled-e1624368267923-768x576.jpg 768w, https:\/\/sv-stargarder.de\/wp-content\/uploads\/2021\/06\/IMG_0265-scaled-e1624368267923-1536x1152.jpg 1536w, https:\/\/sv-stargarder.de\/wp-content\/uploads\/2021\/06\/IMG_0265-scaled-e1624368267923-2048x1536.jpg 2048w\" sizes=\"auto, (max-width: 300px) 100vw, 300px\" \/><\/a>\n<h4 class=\"pt-cv-title\"><a href=\"https:\/\/sv-stargarder.de\/?p=301\" class=\"_self\" target=\"_self\" >Karottensuppe nach Moro<\/a><\/h4>\n<div class=\"pt-cv-content\">\u00a0 M\u00f6chte man f\u00fcr seine Tauben was Gutes tun, so kann ich empfehlen regelm\u00e4\u00dfig eine Suppe aus Karotten zu kochen ...<br \/><div class=\"pt-cv-rmwrap\"><a href=\"https:\/\/sv-stargarder.de\/?p=301\" class=\"_self pt-cv-readmore btn btn-success\" target=\"_self\">Weiterlesen \u2026<\/a><\/div><\/div><\/div><\/div>\n<div class=\"col-md-6 col-sm-6 col-xs-12 pt-cv-content-item pt-cv-1-col\" ><div class='pt-cv-ifield'><a href=\"https:\/\/sv-stargarder.de\/?p=262\" class=\"_self pt-cv-href-thumbnail pt-cv-thumb-default\" target=\"_self\" ><img loading=\"lazy\" decoding=\"async\" width=\"246\" height=\"300\" src=\"https:\/\/sv-stargarder.de\/wp-content\/uploads\/2021\/04\/Zitterhals3-246x300.jpg\" class=\"pt-cv-thumbnail\" alt=\"\" srcset=\"https:\/\/sv-stargarder.de\/wp-content\/uploads\/2021\/04\/Zitterhals3-246x300.jpg 246w, https:\/\/sv-stargarder.de\/wp-content\/uploads\/2021\/04\/Zitterhals3.bmp 600w\" sizes=\"auto, (max-width: 246px) 100vw, 246px\" \/><\/a>\n<h4 class=\"pt-cv-title\"><a href=\"https:\/\/sv-stargarder.de\/?p=262\" class=\"_self\" target=\"_self\" >Bewertung bei den Stargarder T\u00fcmmler(Thema \u00dcbertypisierung)<\/a><\/h4>\n<div class=\"pt-cv-content\">Im Rahmen der Bewertung des Stargarder T\u00fcmmlers gibt es einige Punkte zu beachten. Wir als Sonderverein m\u00f6chten damit helfen diese ...<br \/><div class=\"pt-cv-rmwrap\"><a href=\"https:\/\/sv-stargarder.de\/?p=262\" class=\"_self pt-cv-readmore btn btn-success\" target=\"_self\">Weiterlesen \u2026<\/a><\/div><\/div><\/div><\/div>\n<div class=\"col-md-6 col-sm-6 col-xs-12 pt-cv-content-item pt-cv-1-col\" ><div class='pt-cv-ifield'><a href=\"https:\/\/sv-stargarder.de\/?p=251\" class=\"_self pt-cv-href-thumbnail pt-cv-thumb-default\" target=\"_self\" ><img loading=\"lazy\" decoding=\"async\" width=\"300\" height=\"284\" src=\"https:\/\/sv-stargarder.de\/wp-content\/uploads\/2021\/04\/Junge_ST-300x284.png\" class=\"pt-cv-thumbnail\" alt=\"\" srcset=\"https:\/\/sv-stargarder.de\/wp-content\/uploads\/2021\/04\/Junge_ST-300x284.png 300w, https:\/\/sv-stargarder.de\/wp-content\/uploads\/2021\/04\/Junge_ST-1024x970.png 1024w, https:\/\/sv-stargarder.de\/wp-content\/uploads\/2021\/04\/Junge_ST-768x727.png 768w, https:\/\/sv-stargarder.de\/wp-content\/uploads\/2021\/04\/Junge_ST-1536x1455.png 1536w, https:\/\/sv-stargarder.de\/wp-content\/uploads\/2021\/04\/Junge_ST-2048x1940.png 2048w\" sizes=\"auto, (max-width: 300px) 100vw, 300px\" \/><\/a>\n<h4 class=\"pt-cv-title\"><a href=\"https:\/\/sv-stargarder.de\/?p=251\" class=\"_self\" target=\"_self\" >Rotavirus bei Tauben<\/a><\/h4>\n<div class=\"pt-cv-content\">Neues zum Rotavirus bei Tauben - Teil 1\"Ausl\u00f6ser der Jungtaubenkrankheit gefunden\" von Wilhelm Bauer Seit ein paar Jahren h\u00f6rt man ...<br \/><div class=\"pt-cv-rmwrap\"><a href=\"https:\/\/sv-stargarder.de\/?p=251\" class=\"_self pt-cv-readmore btn btn-success\" target=\"_self\">Weiterlesen \u2026<\/a><\/div><\/div><\/div><\/div><\/div><\/div><\/div>\n","protected":false},"excerpt":{"rendered":"<p>Unter dieser Rurik wollen wir kleine Hilfestellungen geben und \u00fcber verschiedene Tipps und Tricks informieren. Beitr\u00e4ge sind herzlich willkommen!<\/p>\n","protected":false},"author":1,"featured_media":0,"parent":0,"menu_order":0,"comment_status":"closed","ping_status":"closed","template":"","meta":{"cybocfi_hide_featured_image":"","footnotes":""},"class_list":["post-41","page","type-page","status-publish","hentry"],"_links":{"self":[{"href":"https:\/\/sv-stargarder.de\/index.php?rest_route=\/wp\/v2\/pages\/41","targetHints":{"allow":["GET"]}}],"collection":[{"href":"https:\/\/sv-stargarder.de\/index.php?rest_route=\/wp\/v2\/pages"}],"about":[{"href":"https:\/\/sv-stargarder.de\/index.php?rest_route=\/wp\/v2\/types\/page"}],"author":[{"embeddable":true,"href":"https:\/\/sv-stargarder.de\/index.php?rest_route=\/wp\/v2\/users\/1"}],"replies":[{"embeddable":true,"href":"https:\/\/sv-stargarder.de\/index.php?rest_route=%2Fwp%2Fv2%2Fcomments&post=41"}],"version-history":[{"count":2,"href":"https:\/\/sv-stargarder.de\/index.php?rest_route=\/wp\/v2\/pages\/41\/revisions"}],"predecessor-version":[{"id":258,"href":"https:\/\/sv-stargarder.de\/index.php?rest_route=\/wp\/v2\/pages\/41\/revisions\/258"}],"wp:attachment":[{"href":"https:\/\/sv-stargarder.de\/index.php?rest_route=%2Fwp%2Fv2%2Fmedia&parent=41"}],"curies":[{"name":"wp","href":"https:\/\/api.w.org\/{rel}","templated":true}]}}