{"id":35,"date":"2021-04-06T13:10:47","date_gmt":"2021-04-06T13:10:47","guid":{"rendered":"https:\/\/sv-stargarder.de\/?page_id=35"},"modified":"2025-10-17T19:40:29","modified_gmt":"2025-10-17T19:40:29","slug":"hauptsonderschau","status":"publish","type":"page","link":"https:\/\/sv-stargarder.de\/?page_id=35","title":{"rendered":"Hauptsonderschau"},"content":{"rendered":"\n<figure class=\"wp-block-image size-large\"><img loading=\"lazy\" decoding=\"async\" width=\"1024\" height=\"768\" src=\"https:\/\/sv-stargarder.de\/wp-content\/uploads\/2025\/06\/IMG_2808-1024x768.jpeg\" alt=\"\" class=\"wp-image-877\" srcset=\"https:\/\/sv-stargarder.de\/wp-content\/uploads\/2025\/06\/IMG_2808-1024x768.jpeg 1024w, https:\/\/sv-stargarder.de\/wp-content\/uploads\/2025\/06\/IMG_2808-300x225.jpeg 300w, https:\/\/sv-stargarder.de\/wp-content\/uploads\/2025\/06\/IMG_2808-768x576.jpeg 768w, https:\/\/sv-stargarder.de\/wp-content\/uploads\/2025\/06\/IMG_2808-1536x1152.jpeg 1536w, https:\/\/sv-stargarder.de\/wp-content\/uploads\/2025\/06\/IMG_2808.jpeg 2048w\" sizes=\"auto, (max-width: 1024px) 100vw, 1024px\" \/><\/figure>\n\n\n\n<p><\/p>\n\n\n\n<p><\/p>\n\n\n\n<p class=\"has-text-align-center\" style=\"font-style:normal;font-weight:700\">Termin: 8. bis 11. Januar 2026 in Creuzburg<\/p>\n\n\n\n<p class=\"has-text-align-center\">angeschlossen an die 33.Werratalschau und der 4.Creuzburger Taubenschau.<\/p>\n\n\n\n<p>Ausrichter ist der GZV 1929 Creuzburg \/ Werra e.V.<\/p>\n\n\n\n<p>Meldeschluss:                                    1. Dezember 2025<\/p>\n\n\n\n<p>Einlieferung:                                       8. Januar 2026<\/p>\n\n\n\n<p>Ausstellung:                                       10. Januar 2026 von 9:00 bis 17:00 Uhr<\/p>\n\n\n\n<p>                                                               11. Januar 2026 von 9:00 bis 15:30 Uhr<\/p>\n\n\n\n<p>Z\u00fcchterabend:                                    10. Januar 2026  <\/p>\n\n\n\n<p>Standgeld pro Tier:                             7,00 \u20ac<\/p>\n\n\n\n<p>Katalog:                                                  4,00 \u20ac<\/p>\n\n\n\n<p>Unkostenbeitrag:                                 6,00 \u20ac<\/p>\n\n\n\n<p>Es folgen 3 Dateien!<\/p>\n\n\n\n<div data-wp-interactive=\"core\/file\" class=\"wp-block-file\"><object data-wp-bind--hidden=\"!state.hasPdfPreview\" hidden class=\"wp-block-file__embed\" data=\"https:\/\/sv-stargarder.de\/wp-content\/uploads\/2025\/10\/Meldebogen_33.-Werratalschau.pdf\" type=\"application\/pdf\" style=\"width:100%;height:600px\" aria-label=\"Einbettung von Meldebogen_33.-Werratalschau.\"><\/object><a id=\"wp-block-file--media-d1d00035-b1d5-4191-a082-1c7c01015132\" href=\"https:\/\/sv-stargarder.de\/wp-content\/uploads\/2025\/10\/Meldebogen_33.-Werratalschau.pdf\">Meldebogen_33.-Werratalschau<\/a><a href=\"https:\/\/sv-stargarder.de\/wp-content\/uploads\/2025\/10\/Meldebogen_33.-Werratalschau.pdf\" class=\"wp-block-file__button wp-element-button\" download aria-describedby=\"wp-block-file--media-d1d00035-b1d5-4191-a082-1c7c01015132\">Herunterladen<\/a><\/div>\n\n\n\n<p class=\"has-text-align-center\" style=\"font-style:normal;font-weight:700\"><\/p>\n\n\n\n<div data-wp-interactive=\"core\/file\" class=\"wp-block-file\"><object data-wp-bind--hidden=\"!state.hasPdfPreview\" hidden class=\"wp-block-file__embed\" data=\"https:\/\/sv-stargarder.de\/wp-content\/uploads\/2025\/10\/Anmeldung-Zuechterabend-2026.pdf\" type=\"application\/pdf\" style=\"width:100%;height:600px\" aria-label=\"Einbettung von Anmeldung-Zuechterabend-2026.\"><\/object><a id=\"wp-block-file--media-c6cdf22a-8fdd-4c31-b49c-d92647e6c5f8\" href=\"https:\/\/sv-stargarder.de\/wp-content\/uploads\/2025\/10\/Anmeldung-Zuechterabend-2026.pdf\">Anmeldung-Zuechterabend-2026<\/a><a href=\"https:\/\/sv-stargarder.de\/wp-content\/uploads\/2025\/10\/Anmeldung-Zuechterabend-2026.pdf\" class=\"wp-block-file__button wp-element-button\" download aria-describedby=\"wp-block-file--media-c6cdf22a-8fdd-4c31-b49c-d92647e6c5f8\">Herunterladen<\/a><\/div>\n\n\n\n<p> <\/p>\n\n\n\n<div data-wp-interactive=\"core\/file\" class=\"wp-block-file\"><object data-wp-bind--hidden=\"!state.hasPdfPreview\" hidden class=\"wp-block-file__embed\" data=\"https:\/\/sv-stargarder.de\/wp-content\/uploads\/2025\/10\/Uebernachtungsmoeglichkeiten-zur-33.-Werratalschau.pdf\" type=\"application\/pdf\" style=\"width:100%;height:600px\" aria-label=\"Einbettung von Uebernachtungsmoeglichkeiten-zur-33.-Werratalschau.\"><\/object><a id=\"wp-block-file--media-175c3dce-28bc-46c0-a65d-334828b90f0b\" href=\"https:\/\/sv-stargarder.de\/wp-content\/uploads\/2025\/10\/Uebernachtungsmoeglichkeiten-zur-33.-Werratalschau.pdf\">Uebernachtungsmoeglichkeiten-zur-33.-Werratalschau<\/a><a href=\"https:\/\/sv-stargarder.de\/wp-content\/uploads\/2025\/10\/Uebernachtungsmoeglichkeiten-zur-33.-Werratalschau.pdf\" class=\"wp-block-file__button wp-element-button\" download aria-describedby=\"wp-block-file--media-175c3dce-28bc-46c0-a65d-334828b90f0b\">Herunterladen<\/a><\/div>\n\n\n\n<p><\/p>\n\n\n\n<p class=\"has-medium-font-size\"><strong>\u00dcbernachtungen sind selbstst\u00e4ndig zu buchen!<\/strong><\/p>\n\n\n\n<p><\/p>\n\n\n\n<p>Weitere Informationen zu den Hauptsonderschauen:<\/p>\n\n\n<div class=\"pt-cv-wrapper\"><div class=\"pt-cv-view pt-cv-grid pt-cv-colsys\" id=\"pt-cv-view-d3b9da81ns\"><div data-id=\"pt-cv-page-1\" class=\"pt-cv-page\" data-cvc=\"2\"><div class=\"col-md-6 col-sm-6 col-xs-12 pt-cv-content-item pt-cv-1-col\" ><div class='pt-cv-ifield'><a href=\"https:\/\/sv-stargarder.de\/?p=912\" class=\"_self pt-cv-href-thumbnail pt-cv-thumb-default\" target=\"_self\" ><img loading=\"lazy\" decoding=\"async\" width=\"213\" height=\"300\" src=\"https:\/\/sv-stargarder.de\/wp-content\/uploads\/2025\/12\/Creuzburg-213x300.png\" class=\"pt-cv-thumbnail\" alt=\"\" srcset=\"https:\/\/sv-stargarder.de\/wp-content\/uploads\/2025\/12\/Creuzburg-213x300.png 213w, https:\/\/sv-stargarder.de\/wp-content\/uploads\/2025\/12\/Creuzburg.png 629w\" sizes=\"auto, (max-width: 213px) 100vw, 213px\" \/><\/a>\n<h4 class=\"pt-cv-title\"><a href=\"https:\/\/sv-stargarder.de\/?p=912\" class=\"_self\" target=\"_self\" >Hauptsonderschau in Creuzburg<\/a><\/h4>\n<div class=\"pt-cv-content\">Die Meldezahlen f\u00fcr unsere Hauptsonderschau in Creuzburg stehen fest. Gemeldet wurden 37 Pommersche Schaukappen 85 Stargarder T\u00fcmmler 28 Ostpreu\u00dfische Werfer ...<br \/><div class=\"pt-cv-rmwrap\"><a href=\"https:\/\/sv-stargarder.de\/?p=912\" class=\"_self pt-cv-readmore btn btn-success\" target=\"_self\">Weiterlesen \u2026<\/a><\/div><\/div><\/div><\/div>\n<div class=\"col-md-6 col-sm-6 col-xs-12 pt-cv-content-item pt-cv-1-col\" ><div class='pt-cv-ifield'><a href=\"https:\/\/sv-stargarder.de\/?p=885\" class=\"_self pt-cv-href-thumbnail pt-cv-thumb-default\" target=\"_self\" ><img loading=\"lazy\" decoding=\"async\" width=\"300\" height=\"300\" src=\"https:\/\/sv-stargarder.de\/wp-content\/uploads\/2021\/04\/cropped-Emblem_Jub-300x300.jpg\" class=\"pt-cv-thumbnail\" alt=\"\" srcset=\"https:\/\/sv-stargarder.de\/wp-content\/uploads\/2021\/04\/cropped-Emblem_Jub-300x300.jpg 300w, https:\/\/sv-stargarder.de\/wp-content\/uploads\/2021\/04\/cropped-Emblem_Jub-150x150.jpg 150w, https:\/\/sv-stargarder.de\/wp-content\/uploads\/2021\/04\/cropped-Emblem_Jub-270x270.jpg 270w, https:\/\/sv-stargarder.de\/wp-content\/uploads\/2021\/04\/cropped-Emblem_Jub-192x192.jpg 192w, https:\/\/sv-stargarder.de\/wp-content\/uploads\/2021\/04\/cropped-Emblem_Jub-180x180.jpg 180w, https:\/\/sv-stargarder.de\/wp-content\/uploads\/2021\/04\/cropped-Emblem_Jub-32x32.jpg 32w, https:\/\/sv-stargarder.de\/wp-content\/uploads\/2021\/04\/cropped-Emblem_Jub.jpg 512w\" sizes=\"auto, (max-width: 300px) 100vw, 300px\" \/><\/a>\n<h4 class=\"pt-cv-title\"><a href=\"https:\/\/sv-stargarder.de\/?p=885\" class=\"_self\" target=\"_self\" >Hauptsonderschau und Sommertagung<\/a><\/h4>\n<div class=\"pt-cv-content\">Werte Zuchtfreunde und -freundinnen, wie 2024 in der Jahreshauptversammlung beschlossen, sollte in Zukunft auf eine Sommertagung verzichtet werden und daf\u00fcr ...<br \/><div class=\"pt-cv-rmwrap\"><a href=\"https:\/\/sv-stargarder.de\/?p=885\" class=\"_self pt-cv-readmore btn btn-success\" target=\"_self\">Weiterlesen \u2026<\/a><\/div><\/div><\/div><\/div>\n<div class=\"col-md-6 col-sm-6 col-xs-12 pt-cv-content-item pt-cv-1-col\" ><div class='pt-cv-ifield'><a href=\"https:\/\/sv-stargarder.de\/?p=798\" class=\"_self pt-cv-href-thumbnail pt-cv-thumb-default\" target=\"_self\" ><img loading=\"lazy\" decoding=\"async\" width=\"225\" height=\"300\" src=\"https:\/\/sv-stargarder.de\/wp-content\/uploads\/2025\/01\/1000131809-225x300.jpg\" class=\"pt-cv-thumbnail\" alt=\"\" srcset=\"https:\/\/sv-stargarder.de\/wp-content\/uploads\/2025\/01\/1000131809-225x300.jpg 225w, https:\/\/sv-stargarder.de\/wp-content\/uploads\/2025\/01\/1000131809-768x1024.jpg 768w, https:\/\/sv-stargarder.de\/wp-content\/uploads\/2025\/01\/1000131809-1152x1536.jpg 1152w, https:\/\/sv-stargarder.de\/wp-content\/uploads\/2025\/01\/1000131809-1536x2048.jpg 1536w, https:\/\/sv-stargarder.de\/wp-content\/uploads\/2025\/01\/1000131809-scaled.jpg 1920w\" sizes=\"auto, (max-width: 225px) 100vw, 225px\" \/><\/a>\n<h4 class=\"pt-cv-title\"><a href=\"https:\/\/sv-stargarder.de\/?p=798\" class=\"_self\" target=\"_self\" >Nachlese Hauptsonderschau 2025<\/a><\/h4>\n<div class=\"pt-cv-content\">von Andre' Kugler In diesem Jahr folgenden die Z\u00fcchter den Aufruf unseres Zuchtfreundes Andr\u00e9 Kugler nachLichtentanne zur Hauptsonderschau. Mit 145 ...<br \/><div class=\"pt-cv-rmwrap\"><a href=\"https:\/\/sv-stargarder.de\/?p=798\" class=\"_self pt-cv-readmore btn btn-success\" target=\"_self\">Weiterlesen \u2026<\/a><\/div><\/div><\/div><\/div>\n<div class=\"col-md-6 col-sm-6 col-xs-12 pt-cv-content-item pt-cv-1-col\" ><div class='pt-cv-ifield'><a href=\"https:\/\/sv-stargarder.de\/?p=787\" class=\"_self pt-cv-href-thumbnail pt-cv-thumb-default\" target=\"_self\" ><img loading=\"lazy\" decoding=\"async\" width=\"207\" height=\"300\" src=\"https:\/\/sv-stargarder.de\/wp-content\/uploads\/2024\/04\/HSS-207x300.jpg\" class=\"pt-cv-thumbnail\" alt=\"\" srcset=\"https:\/\/sv-stargarder.de\/wp-content\/uploads\/2024\/04\/HSS-207x300.jpg 207w, https:\/\/sv-stargarder.de\/wp-content\/uploads\/2024\/04\/HSS.jpg 645w\" sizes=\"auto, (max-width: 207px) 100vw, 207px\" \/><\/a>\n<h4 class=\"pt-cv-title\"><a href=\"https:\/\/sv-stargarder.de\/?p=787\" class=\"_self\" target=\"_self\" >Hauptsonderschau in Zwickau<\/a><\/h4>\n<div class=\"pt-cv-content\">Wir schlie\u00dfen unsere Hauptsonderschau der Saison 2024 \/ 2025 an die Kreisschau des Kreisverbandes Zwickau an. Termin: 16. und 17.November ...<br \/><div class=\"pt-cv-rmwrap\"><a href=\"https:\/\/sv-stargarder.de\/?p=787\" class=\"_self pt-cv-readmore btn btn-success\" target=\"_self\">Weiterlesen \u2026<\/a><\/div><\/div><\/div><\/div>\n<div class=\"col-md-6 col-sm-6 col-xs-12 pt-cv-content-item pt-cv-1-col\" ><div class='pt-cv-ifield'><a href=\"https:\/\/sv-stargarder.de\/?p=731\" class=\"_self pt-cv-href-thumbnail pt-cv-thumb-default\" target=\"_self\" ><img loading=\"lazy\" decoding=\"async\" width=\"300\" height=\"209\" src=\"https:\/\/sv-stargarder.de\/wp-content\/uploads\/2023\/04\/HSS_H4-300x209.jpg\" class=\"pt-cv-thumbnail\" alt=\"\" srcset=\"https:\/\/sv-stargarder.de\/wp-content\/uploads\/2023\/04\/HSS_H4-300x209.jpg 300w, https:\/\/sv-stargarder.de\/wp-content\/uploads\/2023\/04\/HSS_H4.jpg 665w\" sizes=\"auto, (max-width: 300px) 100vw, 300px\" \/><\/a>\n<h4 class=\"pt-cv-title\"><a href=\"https:\/\/sv-stargarder.de\/?p=731\" class=\"_self\" target=\"_self\" >Hauptsonderschau Meldeergebnis<\/a><\/h4>\n<div class=\"pt-cv-content\">Liebe Zuchtfreunde! Das Meldeergebnis zu unserer Hauptsonderschau in Creuzburg liegt fest. Auch hier sind diesmal alle unsere 3 Rassen vertreten ...<br \/><div class=\"pt-cv-rmwrap\"><a href=\"https:\/\/sv-stargarder.de\/?p=731\" class=\"_self pt-cv-readmore btn btn-success\" target=\"_self\">Weiterlesen \u2026<\/a><\/div><\/div><\/div><\/div>\n<div class=\"col-md-6 col-sm-6 col-xs-12 pt-cv-content-item pt-cv-1-col\" ><div class='pt-cv-ifield'><a href=\"https:\/\/sv-stargarder.de\/?p=689\" class=\"_self pt-cv-href-thumbnail pt-cv-thumb-default\" target=\"_self\" ><img loading=\"lazy\" decoding=\"async\" width=\"300\" height=\"209\" src=\"https:\/\/sv-stargarder.de\/wp-content\/uploads\/2023\/04\/HSS_H4-300x209.jpg\" class=\"pt-cv-thumbnail\" alt=\"\" srcset=\"https:\/\/sv-stargarder.de\/wp-content\/uploads\/2023\/04\/HSS_H4-300x209.jpg 300w, https:\/\/sv-stargarder.de\/wp-content\/uploads\/2023\/04\/HSS_H4.jpg 665w\" sizes=\"auto, (max-width: 300px) 100vw, 300px\" \/><\/a>\n<h4 class=\"pt-cv-title\"><a href=\"https:\/\/sv-stargarder.de\/?p=689\" class=\"_self\" target=\"_self\" >Meldeb\u00f6gen zur Hauptsonderschau liegen vor<\/a><\/h4>\n<div class=\"pt-cv-content\">Heute \u00fcbersandte uns der Zuchtfreund und Ausstellungsleiter Stelzig die Meldeb\u00f6gen zur Hauptsonderschau Alle Informationen k\u00f6nnen Sie den Allgemeinen Ausstellungsbestimmungen entnehmen, ...<br \/><div class=\"pt-cv-rmwrap\"><a href=\"https:\/\/sv-stargarder.de\/?p=689\" class=\"_self pt-cv-readmore btn btn-success\" target=\"_self\">Weiterlesen \u2026<\/a><\/div><\/div><\/div><\/div>\n<div class=\"col-md-6 col-sm-6 col-xs-12 pt-cv-content-item pt-cv-1-col\" ><div class='pt-cv-ifield'><a href=\"https:\/\/sv-stargarder.de\/?p=671\" class=\"_self pt-cv-href-thumbnail pt-cv-thumb-default\" target=\"_self\" ><img loading=\"lazy\" decoding=\"async\" width=\"300\" height=\"209\" src=\"https:\/\/sv-stargarder.de\/wp-content\/uploads\/2023\/04\/HSS_H4-300x209.jpg\" class=\"pt-cv-thumbnail\" alt=\"\" srcset=\"https:\/\/sv-stargarder.de\/wp-content\/uploads\/2023\/04\/HSS_H4-300x209.jpg 300w, https:\/\/sv-stargarder.de\/wp-content\/uploads\/2023\/04\/HSS_H4.jpg 665w\" sizes=\"auto, (max-width: 300px) 100vw, 300px\" \/><\/a>\n<h4 class=\"pt-cv-title\"><a href=\"https:\/\/sv-stargarder.de\/?p=671\" class=\"_self\" target=\"_self\" >Erste Informationen zur Hauptsonderschau<\/a><\/h4>\n<div class=\"pt-cv-content\">Wir schlie\u00dfen unsere Hauptsonderschau der Saison 2023 \/ 2024 an die 2.Creuzburger Taubenschau an. Termin: 12. bis 14.Januar 2024 In: ...<br \/><div class=\"pt-cv-rmwrap\"><a href=\"https:\/\/sv-stargarder.de\/?p=671\" class=\"_self pt-cv-readmore btn btn-success\" target=\"_self\">Weiterlesen \u2026<\/a><\/div><\/div><\/div><\/div>\n<div class=\"col-md-6 col-sm-6 col-xs-12 pt-cv-content-item pt-cv-1-col\" ><div class='pt-cv-ifield'><a href=\"https:\/\/sv-stargarder.de\/?p=631\" class=\"_self pt-cv-href-thumbnail pt-cv-thumb-default\" target=\"_self\" ><img loading=\"lazy\" decoding=\"async\" width=\"300\" height=\"209\" src=\"https:\/\/sv-stargarder.de\/wp-content\/uploads\/2023\/04\/HSS_H4-300x209.jpg\" class=\"pt-cv-thumbnail\" alt=\"\" srcset=\"https:\/\/sv-stargarder.de\/wp-content\/uploads\/2023\/04\/HSS_H4-300x209.jpg 300w, https:\/\/sv-stargarder.de\/wp-content\/uploads\/2023\/04\/HSS_H4.jpg 665w\" sizes=\"auto, (max-width: 300px) 100vw, 300px\" \/><\/a>\n<h4 class=\"pt-cv-title\"><a href=\"https:\/\/sv-stargarder.de\/?p=631\" class=\"_self\" target=\"_self\" >Hauptsonderschau 2023<\/a><\/h4>\n<div class=\"pt-cv-content\">Wir schlie\u00dfen unsere Hauptsonderschau der Saison 2023 \/ 2024 an die 2.Creuzburger Taubenschau an. Termin: 12. bis 14.Januar 2024 In: ...<br \/><div class=\"pt-cv-rmwrap\"><a href=\"https:\/\/sv-stargarder.de\/?p=631\" class=\"_self pt-cv-readmore btn btn-success\" target=\"_self\">Weiterlesen \u2026<\/a><\/div><\/div><\/div><\/div>\n<div class=\"col-md-6 col-sm-6 col-xs-12 pt-cv-content-item pt-cv-1-col\" ><div class='pt-cv-ifield'><a href=\"https:\/\/sv-stargarder.de\/?p=597\" class=\"_self pt-cv-href-thumbnail pt-cv-thumb-default\" target=\"_self\" ><img loading=\"lazy\" decoding=\"async\" width=\"225\" height=\"300\" src=\"https:\/\/sv-stargarder.de\/wp-content\/uploads\/2022\/12\/IMG_2096-225x300.jpg\" class=\"pt-cv-thumbnail\" alt=\"\" srcset=\"https:\/\/sv-stargarder.de\/wp-content\/uploads\/2022\/12\/IMG_2096-225x300.jpg 225w, https:\/\/sv-stargarder.de\/wp-content\/uploads\/2022\/12\/IMG_2096-768x1024.jpg 768w, https:\/\/sv-stargarder.de\/wp-content\/uploads\/2022\/12\/IMG_2096-1152x1536.jpg 1152w, https:\/\/sv-stargarder.de\/wp-content\/uploads\/2022\/12\/IMG_2096.jpg 1536w\" sizes=\"auto, (max-width: 225px) 100vw, 225px\" \/><\/a>\n<h4 class=\"pt-cv-title\"><a href=\"https:\/\/sv-stargarder.de\/?p=597\" class=\"_self\" target=\"_self\" >Nachlese zur HSS anl\u00e4sslich der VDT-Schau in Hannover<\/a><\/h4>\n<div class=\"pt-cv-content\">Schon fast eine Woche ist die VDT-Schau und somit auch unsere Hauptsonderschau in Hannover Geschichte. Es war das erste mal, ...<br \/><div class=\"pt-cv-rmwrap\"><a href=\"https:\/\/sv-stargarder.de\/?p=597\" class=\"_self pt-cv-readmore btn btn-success\" target=\"_self\">Weiterlesen \u2026<\/a><\/div><\/div><\/div><\/div>\n<div class=\"col-md-6 col-sm-6 col-xs-12 pt-cv-content-item pt-cv-1-col\" ><div class='pt-cv-ifield'><a href=\"https:\/\/sv-stargarder.de\/?p=213\" class=\"_self pt-cv-href-thumbnail pt-cv-thumb-default\" target=\"_self\" ><img loading=\"lazy\" decoding=\"async\" width=\"167\" height=\"186\" src=\"https:\/\/sv-stargarder.de\/wp-content\/uploads\/2021\/04\/Luebekke.jpg\" class=\"pt-cv-thumbnail\" alt=\"\" \/><\/a>\n<h4 class=\"pt-cv-title\"><a href=\"https:\/\/sv-stargarder.de\/?p=213\" class=\"_self\" target=\"_self\" >Die Hauptsonderschau der Saison 2017 \/ 2018<\/a><\/h4>\n<div class=\"pt-cv-content\">Wir m\u00f6chten aber dennoch den Rassetaubenfreunde aus L\u00fcbbecke recht herzlich f\u00fcr die Herzlichkeit die uns und unseren Tieren entgegengebracht wurde ...<br \/><div class=\"pt-cv-rmwrap\"><a href=\"https:\/\/sv-stargarder.de\/?p=213\" class=\"_self pt-cv-readmore btn btn-success\" target=\"_self\">Weiterlesen \u2026<\/a><\/div><\/div><\/div><\/div><\/div><\/div><\/div>\n","protected":false},"excerpt":{"rendered":"<p>Termin: 8. bis 11. Januar 2026 in Creuzburg angeschlossen an die 33.Werratalschau und der 4.Creuzburger Taubenschau. Ausrichter ist der GZV [&hellip;]<\/p>\n","protected":false},"author":1,"featured_media":0,"parent":0,"menu_order":0,"comment_status":"closed","ping_status":"closed","template":"","meta":{"cybocfi_hide_featured_image":"","footnotes":""},"class_list":["post-35","page","type-page","status-publish","hentry"],"_links":{"self":[{"href":"https:\/\/sv-stargarder.de\/index.php?rest_route=\/wp\/v2\/pages\/35","targetHints":{"allow":["GET"]}}],"collection":[{"href":"https:\/\/sv-stargarder.de\/index.php?rest_route=\/wp\/v2\/pages"}],"about":[{"href":"https:\/\/sv-stargarder.de\/index.php?rest_route=\/wp\/v2\/types\/page"}],"author":[{"embeddable":true,"href":"https:\/\/sv-stargarder.de\/index.php?rest_route=\/wp\/v2\/users\/1"}],"replies":[{"embeddable":true,"href":"https:\/\/sv-stargarder.de\/index.php?rest_route=%2Fwp%2Fv2%2Fcomments&post=35"}],"version-history":[{"count":17,"href":"https:\/\/sv-stargarder.de\/index.php?rest_route=\/wp\/v2\/pages\/35\/revisions"}],"predecessor-version":[{"id":901,"href":"https:\/\/sv-stargarder.de\/index.php?rest_route=\/wp\/v2\/pages\/35\/revisions\/901"}],"wp:attachment":[{"href":"https:\/\/sv-stargarder.de\/index.php?rest_route=%2Fwp%2Fv2%2Fmedia&parent=35"}],"curies":[{"name":"wp","href":"https:\/\/api.w.org\/{rel}","templated":true}]}}