{"id":31,"date":"2021-04-06T13:10:46","date_gmt":"2021-04-06T13:10:46","guid":{"rendered":"https:\/\/sv-stargarder.de\/?page_id=31"},"modified":"2021-07-17T16:11:32","modified_gmt":"2021-07-17T16:11:32","slug":"ostpreussische-werfer","status":"publish","type":"page","link":"https:\/\/sv-stargarder.de\/?page_id=31","title":{"rendered":"Ostpreu\u00dfische Werfer"},"content":{"rendered":"\n<p>\u00a0<\/p>\n<p><span style=\"font-size: large;\">Der Werfer ist eine alte Taubenrasse aus dem Ostseeraum. Urspr\u00fcnglich als Flugtaube<img loading=\"lazy\" decoding=\"async\" class=\"size-medium wp-image-160 alignright\" src=\"https:\/\/sv-stargarder.de\/wp-content\/uploads\/2021\/04\/Werfer3-292x300.jpg\" alt=\"\" width=\"292\" height=\"300\" srcset=\"https:\/\/sv-stargarder.de\/wp-content\/uploads\/2021\/04\/Werfer3-292x300.jpg 292w, https:\/\/sv-stargarder.de\/wp-content\/uploads\/2021\/04\/Werfer3.jpg 712w\" sizes=\"auto, (max-width: 292px) 100vw, 292px\" \/> gehalten, die sich durch ihr Purzeln begeisterte, fand sie eine durch den Handel rund um die Ostsee starke Verbreitung. Man findet seine Spuren im Schwedischen, Norwegischen und Libauer T\u00fcmmler. Inzwischen hat er einen festen Z\u00fcchterkreis vorrangig im norddeutschen Raum. Ihm zu eigen ist im Vergleich zu anderen Taubenrassen seine Ausgewogenheit im K\u00f6rpergr\u00f6\u00dfe, Fu\u00dfwerk und Haubenf\u00fclle. Die Konzentrierung auf nur acht anerkannte Farbenschl\u00e4ge sowie seine Zuchtfreudigkeit machen ihn nicht nur f\u00fcr Anf\u00e4nger beliebt, sondern ist auch beste F\u00f6rderung f\u00fcr eine sch\u00f6ne, wenn auch wenig bekannte Taubenrasse.<\/span><\/p>\n<p>\u00a0<\/p>\n<p>\u00a0<\/p>\n<p><strong>Rassespezifische Berichte:<\/strong><\/p>\n\n\n\n<div class=\"wp-block-file\"><a href=\"https:\/\/sv-stargarder.de\/wp-content\/uploads\/2021\/04\/OW_-Bericht.pdf\"><br>Bewertungshinweise zu unseren Ostpreu\u00dfischen Werfern<\/a><a href=\"https:\/\/sv-stargarder.de\/wp-content\/uploads\/2021\/04\/OW_-Bericht.pdf\" class=\"wp-block-file__button\" download>Herunterladen<\/a><\/div>\n\n\n\n<p><\/p>\n\n\n\n<p><\/p>\n\n\n<div class=\"pt-cv-wrapper\"><div class=\"pt-cv-view pt-cv-collapsible\" id=\"pt-cv-view-8dff4246nm\"><div data-id=\"pt-cv-page-1\" class=\"pt-cv-page\" data-cvc=\"1\"><div class=\"panel-group\" id=\"a56d9eavqt\"><div class=\"panel panel-default pt-cv-content-item pt-cv-1-col\" >\r\n<div class=\"panel-heading pt-cv-title\">\r\n    <a class=\"panel-title\" data-toggle=\"cvcollapse\" data-parent=\"#a56d9eavqt\" data-target=\"#cec4c40k85\" href='https:\/\/sv-stargarder.de\/?p=415' onclick='event.preventDefault()'>\r\n\t\tFarbtafel der Ostpreu\u00dfischen Werfer\t<\/a>\r\n\t<\/div>\r\n<div id=\"cec4c40k85\" class=\"panel-collapse collapse in\">\r\n\t<div class=\"panel-body\">\r\n\t\t<div class=\"pt-cv-content\">\u00dcbersicht der anerkannten Farbschl\u00e4ge der Ostpreu\u00dfischen Werfer, wobei zu beachten ist, dass es sich nicht um Farbtauben handelt.\u00a0 Wei\u00df SchwarzRotGelbBlau ...<br \/><div class=\"pt-cv-rmwrap\"><a href=\"https:\/\/sv-stargarder.de\/?p=415\" class=\"_self pt-cv-readmore btn btn-success\" target=\"_self\">Weiterlesen \u2026<\/a><\/div><\/div>\t<\/div>\r\n<\/div><\/div>\n<div class=\"panel panel-default pt-cv-content-item pt-cv-1-col\" >\r\n<div class=\"panel-heading pt-cv-title\">\r\n    <a class=\"panel-title\" data-toggle=\"cvcollapse\" data-parent=\"#a56d9eavqt\" data-target=\"#9691017cs1\" href='https:\/\/sv-stargarder.de\/?p=336' onclick='event.preventDefault()'>\r\n\t\tBeschreibung der Ostpreu\u00dfischen Werfer\t<\/a>\r\n\t<\/div>\r\n<div id=\"9691017cs1\" class=\"panel-collapse collapse \">\r\n\t<div class=\"panel-body\">\r\n\t\t<div class=\"pt-cv-content\">Eine kurze Beschreibung, sowie Schaubild der Ostpreu\u00dfischen Werfer Gesamteindruck: Kr\u00e4ftig, gedrungen, mit etwas aufgerichteter Haltung, belatscht, Rundhaube, knapp und mittellanger ...<br \/><div class=\"pt-cv-rmwrap\"><a href=\"https:\/\/sv-stargarder.de\/?p=336\" class=\"_self pt-cv-readmore btn btn-success\" target=\"_self\">Weiterlesen \u2026<\/a><\/div><\/div>\t<\/div>\r\n<\/div><\/div><\/div><\/div><\/div><\/div>\n\n\n\n<p><\/p>\n<p>Einige Kurzfilme im Netz:<\/p>\n<p> <\/p>\n<ul class=\"wp-block-list\">\n<li><a href=\"https:\/\/www.youtube.com\/watch?v=gtIKlkWcsCw)\" target=\"_blank\" rel=\"noreferrer noopener\">Ostpreu\u00dfische Werfer in Schwarz Hannover 2013<\/a><\/li>\n<li><a href=\"https:\/\/www.youtube.com\/watch?v=rp7Q94Xt7aQ&amp;feature=player_embedded)\" target=\"_blank\" rel=\"noreferrer noopener\">Ostpreu\u00dfische Werfer in Rot und Schwarz Hannover 2013<\/a><\/li>\n<li><a href=\"https:\/\/www.youtube.com\/watch?v=865zd76RAEs\" target=\"_blank\" rel=\"noreferrer noopener\">Ostpreu\u00dfische Werfer in Wei\u00df in Dortmund 2013<\/a><\/li>\n<li><a href=\"https:\/\/www.youtube.com\/watch?v=kC_loDB9fR0\" target=\"_blank\" rel=\"noreferrer noopener\">Ostpreu\u00dfische\u00a0 Werfer im Schlag von Zuchtfreund Respondek<\/a><\/li>\n<li><a href=\"https:\/\/www.youtube.com\/watch?v=yEr1cjKcfl0\" target=\"_blank\" rel=\"noreferrer noopener\">Ostpreu\u00dfische Werfer gelb, Taubenschau Bulle 2013<\/a><\/li>\n<\/ul>\n<p><\/p>\n","protected":false},"excerpt":{"rendered":"<p>\u00a0 Der Werfer ist eine alte Taubenrasse aus dem Ostseeraum. Urspr\u00fcnglich als Flugtaube gehalten, die sich durch ihr Purzeln begeisterte, [&hellip;]<\/p>\n","protected":false},"author":1,"featured_media":0,"parent":0,"menu_order":0,"comment_status":"closed","ping_status":"closed","template":"","meta":{"cybocfi_hide_featured_image":"","footnotes":""},"class_list":["post-31","page","type-page","status-publish","hentry"],"_links":{"self":[{"href":"https:\/\/sv-stargarder.de\/index.php?rest_route=\/wp\/v2\/pages\/31","targetHints":{"allow":["GET"]}}],"collection":[{"href":"https:\/\/sv-stargarder.de\/index.php?rest_route=\/wp\/v2\/pages"}],"about":[{"href":"https:\/\/sv-stargarder.de\/index.php?rest_route=\/wp\/v2\/types\/page"}],"author":[{"embeddable":true,"href":"https:\/\/sv-stargarder.de\/index.php?rest_route=\/wp\/v2\/users\/1"}],"replies":[{"embeddable":true,"href":"https:\/\/sv-stargarder.de\/index.php?rest_route=%2Fwp%2Fv2%2Fcomments&post=31"}],"version-history":[{"count":6,"href":"https:\/\/sv-stargarder.de\/index.php?rest_route=\/wp\/v2\/pages\/31\/revisions"}],"predecessor-version":[{"id":359,"href":"https:\/\/sv-stargarder.de\/index.php?rest_route=\/wp\/v2\/pages\/31\/revisions\/359"}],"wp:attachment":[{"href":"https:\/\/sv-stargarder.de\/index.php?rest_route=%2Fwp%2Fv2%2Fmedia&parent=31"}],"curies":[{"name":"wp","href":"https:\/\/api.w.org\/{rel}","templated":true}]}}