{"id":30,"date":"2021-04-06T13:10:46","date_gmt":"2021-04-06T13:10:46","guid":{"rendered":"https:\/\/sv-stargarder.de\/?page_id=30"},"modified":"2025-02-05T17:53:49","modified_gmt":"2025-02-05T17:53:49","slug":"unsere-rasse","status":"publish","type":"page","link":"https:\/\/sv-stargarder.de\/?page_id=30","title":{"rendered":"Unsere Rasse"},"content":{"rendered":"\n<p><span style=\"font-size: large;\">Viele werden sich fragen, warum es ein Sonderverein gibt, der 3 doch sehr verschiedene Rassen betreut. Der ganz einfachen Gr\u00fcnde hierf\u00fcr sind:<\/span><\/p>\n<p>\u00a0<\/p>\n<ul>\n<li><span style=\"font-size: large;\">Diese Rassen kommen aus dem gleichen Gebiet<\/span><\/li>\n<li><span style=\"font-size: large;\">Jede Rasse f\u00fcr sich als Sonderverein k\u00f6nnte auf Grund der Z\u00fcchter nicht existieren<\/span><\/li>\n<li><span style=\"font-size: large;\">Wir alle verfolgen das gleiche Ziel, diese Rasse auch an ihrem Ursprungsort zu erhalten<\/span><\/li>\n<\/ul>\n<p>\u00a0<\/p>\n<p>\u00a0<\/p>\n<p><a href=\"https:\/\/sv-stargarder.de\/?page_id=31\"><img loading=\"lazy\" decoding=\"async\" class=\"wp-image-160 alignright\" src=\"https:\/\/sv-stargarder.de\/wp-content\/uploads\/2021\/04\/Werfer3-292x300.jpg\" alt=\"\" width=\"247\" height=\"254\" srcset=\"https:\/\/sv-stargarder.de\/wp-content\/uploads\/2021\/04\/Werfer3-292x300.jpg 292w, https:\/\/sv-stargarder.de\/wp-content\/uploads\/2021\/04\/Werfer3.jpg 712w\" sizes=\"auto, (max-width: 247px) 100vw, 247px\" \/><\/a> <a href=\"https:\/\/sv-stargarder.de\/?page_id=33\"><img loading=\"lazy\" decoding=\"async\" class=\"wp-image-156 alignleft\" src=\"https:\/\/sv-stargarder.de\/wp-content\/uploads\/2021\/04\/Zitterhals3-246x300.jpg\" alt=\"\" width=\"205\" height=\"250\" srcset=\"https:\/\/sv-stargarder.de\/wp-content\/uploads\/2021\/04\/Zitterhals3-246x300.jpg 246w, https:\/\/sv-stargarder.de\/wp-content\/uploads\/2021\/04\/Zitterhals3.bmp 600w\" sizes=\"auto, (max-width: 205px) 100vw, 205px\" \/><\/a> <a href=\"https:\/\/sv-stargarder.de\/?page_id=32\"><img loading=\"lazy\" decoding=\"async\" class=\"wp-image-157 aligncenter\" src=\"https:\/\/sv-stargarder.de\/wp-content\/uploads\/2021\/04\/Schaukappe2-289x300.jpg\" alt=\"\" width=\"240\" height=\"249\" srcset=\"https:\/\/sv-stargarder.de\/wp-content\/uploads\/2021\/04\/Schaukappe2-289x300.jpg 289w, https:\/\/sv-stargarder.de\/wp-content\/uploads\/2021\/04\/Schaukappe2-768x797.jpg 768w, https:\/\/sv-stargarder.de\/wp-content\/uploads\/2021\/04\/Schaukappe2.bmp 799w\" sizes=\"auto, (max-width: 240px) 100vw, 240px\" \/><\/a> \u00a0<\/p>\n","protected":false},"excerpt":{"rendered":"<p>Viele werden sich fragen, warum es ein Sonderverein gibt, der 3 doch sehr verschiedene Rassen betreut. Der ganz einfachen Gr\u00fcnde [&hellip;]<\/p>\n","protected":false},"author":1,"featured_media":0,"parent":0,"menu_order":0,"comment_status":"closed","ping_status":"closed","template":"","meta":{"cybocfi_hide_featured_image":"","footnotes":""},"class_list":["post-30","page","type-page","status-publish","hentry"],"_links":{"self":[{"href":"https:\/\/sv-stargarder.de\/index.php?rest_route=\/wp\/v2\/pages\/30","targetHints":{"allow":["GET"]}}],"collection":[{"href":"https:\/\/sv-stargarder.de\/index.php?rest_route=\/wp\/v2\/pages"}],"about":[{"href":"https:\/\/sv-stargarder.de\/index.php?rest_route=\/wp\/v2\/types\/page"}],"author":[{"embeddable":true,"href":"https:\/\/sv-stargarder.de\/index.php?rest_route=\/wp\/v2\/users\/1"}],"replies":[{"embeddable":true,"href":"https:\/\/sv-stargarder.de\/index.php?rest_route=%2Fwp%2Fv2%2Fcomments&post=30"}],"version-history":[{"count":9,"href":"https:\/\/sv-stargarder.de\/index.php?rest_route=\/wp\/v2\/pages\/30\/revisions"}],"predecessor-version":[{"id":850,"href":"https:\/\/sv-stargarder.de\/index.php?rest_route=\/wp\/v2\/pages\/30\/revisions\/850"}],"wp:attachment":[{"href":"https:\/\/sv-stargarder.de\/index.php?rest_route=%2Fwp%2Fv2%2Fmedia&parent=30"}],"curies":[{"name":"wp","href":"https:\/\/api.w.org\/{rel}","templated":true}]}}