{"id":25,"date":"2021-04-06T13:10:46","date_gmt":"2021-04-06T13:10:46","guid":{"rendered":"https:\/\/sv-stargarder.de\/?page_id=25"},"modified":"2021-04-06T15:39:58","modified_gmt":"2021-04-06T15:39:58","slug":"satzung","status":"publish","type":"page","link":"https:\/\/sv-stargarder.de\/?page_id=25","title":{"rendered":"Satzung"},"content":{"rendered":"\n<p><strong>\u00a7 1 Name, Sitz, Gesch\u00e4ftsjahr<\/strong><\/p>\n\n\n\n<p>Der Verein f\u00fchrt den Namen \u201eSonderverein der Z\u00fcchter Stargarder Zitterh\u00e4lse, Pommersche Schaukappen und Ostpreu\u00dfische Werfer von 1962\u201c.<\/p>\n\n\n\n<p>Sitz und Gesch\u00e4ftsstelle des Vereines ist der Wohnort des jeweiligen 1. Vorsitzenden.<\/p>\n\n\n\n<p>Der Verein geh\u00f6rt dem Verband Deutscher Rassetaubenz\u00fcchter (VDT) im Bund Deutscher Rassegefl\u00fcgelz\u00fcchter (BDRG) als Mitglied an und unterwirft sich dessen Satzung, Vorschrift, Anordnungen und Ausstellungsbestimmungen.<\/p>\n\n\n\n<p>Der Verein ist politisch, rassisch und konfessionell neutral. Das Gesch\u00e4ftsjahr des Vereines ist das jeweilige Kalenderjahr.<\/p>\n\n\n\n<p><strong>\u00a7 2 Zweck des Vereines<\/strong><\/p>\n\n\n\n<p>Der Verein bezweckt in Zusammenarbeit mit den zust\u00e4ndigen Stellen des BDRG und des VDT die F\u00f6rderung, Erhaltung und Verbreitung der Zucht der Stargarder Zitterh\u00e4lse, Pommerschen Schaukappen und Ostpreu\u00dfischen Werfern.<\/p>\n\n\n\n<p>Der Verein ist selbstlos t\u00e4tig; er verfolgt nicht in erster Linie eigenwirtschaftliche Zwecke.<\/p>\n\n\n\n<p>Mittel des Vereines d\u00fcrfen nur f\u00fcr satzungsm\u00e4\u00dfige Zwecke verwendet werden. Die Mitglieder erhalten keine Zuwendungen aus Mitteln des Vereines.<\/p>\n\n\n\n<p><strong>\u00a7 3 Mitgliedschaft<\/strong><\/p>\n\n\n\n<p>Mitglieder des Vereines kann jede nat\u00fcrliche und juristische Person werden, die bereits Mitglied in einem dem BDRG angeschlossenen Tauben-, Gefl\u00fcgel- oder Kleintierzuchtverein ist. Auch Mitglieder aus dem Bereich der Entente-Europ\u00e9ene \u00b4d Avicultture et de Cuniculture k\u00f6nnen dem Verein beitreten.<\/p>\n\n\n\n<p>Jugendliche unter 18. Jahren k\u00f6nnen mit Zustimmung der Eltern, die Mitgliedschaft erwerben, bei ihnen wird auf die Erhebung einer Aufnahmegeb\u00fchr verzichtet.<\/p>\n\n\n\n<p>Antr\u00e4ge auf Mitgliedschaft sind schriftlich an den Vorstand zu richten, \u00fcber die Aufnahme entscheidet der Vorstand.<\/p>\n\n\n\n<p><strong>\u00a7 4 Ehrenmitgliedschaft<\/strong><\/p>\n\n\n\n<p>Mitglieder, die sich um den Verein, Beziehungsweise um die&nbsp;Zucht unserer T\u00fcmmler Rassen besondere Verdienste erworben haben, k\u00f6nnen durch den Vorstand zu Ehrenmitgliedern ernannt werden. Diese sind beitragsfrei, jedoch weiterhin stimmberechtigt.<\/p>\n\n\n\n<p><strong>\u00a7 5 Rechte und Pflichten der Mitglieder<\/strong><\/p>\n\n\n\n<p>Die Mitglieder haben das Recht auf Unterst\u00fctzung, F\u00f6rderung und z\u00fcchterische sowie organisatorische Informationen durch den Verein.<\/p>\n\n\n\n<p>Die Mitglieder sind verpflichtet, die Satzung, Beschl\u00fcsse und Anordnungen des Vereines zu beachten und Ihren finanziellen Verpflichtungen gegen\u00fcber dem Verein termingerecht nachzukommen.<\/p>\n\n\n\n<p><strong>\u00a7 6 Beitrag<\/strong><\/p>\n\n\n\n<p>Von den Mitgliedern werden Beitr\u00e4ge erhoben. Die H\u00f6he des Jahresbeitrages wird in der jeweiligen Jahreshauptversammlung f\u00fcr das Folgejahr bestimmt.<\/p>\n\n\n\n<p>Die Zahlung des Beitrages ist j\u00e4hrlich bis zum 30.06. des Kalenderjahres zu entrichten.<\/p>\n\n\n\n<p>Als einmalige Aufnahmegeb\u00fchr werden 3,-\u20ac erhoben.<\/p>\n\n\n\n<p><strong>\u00a7 7 Beendigung der Mitgliedschaft<\/strong><\/p>\n\n\n\n<p>Die Mitgliedschaft im Verein endet<\/p>\n\n\n\n<ul class=\"wp-block-list\"><li>mit dem Tod des Mitgliedes,<\/li><li>durch freiwilligen Austritt,<\/li><li>mit Streichung von der Mitgliederliste,<\/li><li>durch Ausschlu\u00df aus dem Verein.<\/li><li>Der freiwillige Austritt erfolgt durch schriftliche Erkl\u00e4rung gegen\u00fcber einem Mitglied des Vorstandes. Er ist nur zum Schluss eines Kalenderjahres unter Einhaltung einer K\u00fcndigungsfrist von 6 Wochen zul\u00e4ssig.<\/li><\/ul>\n\n\n\n<p>Ein Mitglied kann durch Beschluss des Vorstandes von der Mitgliederliste gestrichen werden, wenn es trotz zweimaliger Mahnung mit der Zahlung des Beitrages von 2 Jahren im R\u00fcckstand ist.<\/p>\n\n\n\n<p>Ein Mitglied kann, wenn es gegen die Vereinsinteressen gr\u00f6blich versto\u00dfen hat, durch den Beschluss der Mitgliederversammlung aus dem Verein ausgeschlossen werden. Vor der Beschlussfassung ist dem Mitglied Gelegenheit zu geben, sich pers\u00f6nlich zu rechtfertigen. Eine etwaige schriftliche Stellungnahme des Betroffenen ist in der Mitgliederversammlung zu verlesen.<\/p>\n\n\n\n<p><strong>\u00a7 8 Organe des Vereines<\/strong><\/p>\n\n\n\n<p>Organe des Vereines sind die Mitgliederversammlungen und der Vorstand.<\/p>\n\n\n\n<p><strong>\u00a7 9 Mitgliederversammlung<\/strong><\/p>\n\n\n\n<p>Zur Mitgliederversammlung, die einmal j\u00e4hrlich durchgef\u00fchrt wird, sind alle Mitglieder schriftlich, mindestens 4 Wochen vorher einzuladen. Die Frist beginnt mit Absendung der Einladung des folgenden Werktages. Das Einladungsschreiben gilt als dem Mitglied zugegangen, wenn das Schreiben an die letzte vom Mitglied dem Verein schriftlich bekannte Adresse gerichtet ist. Die Tagesordnung legt der Vorstand fest.<\/p>\n\n\n\n<p>Die Mitgliederversammlung wird vom 1.Vorsitzenden, bei dessen Verhinderung vom 2.Vorsitzenden oder einem anderen Vorstandsmitglied geleitet. Ist kein Vorstandsmitglied anwesend, bestimmt die Versammlung einen Leiter.<\/p>\n\n\n\n<p>Das Protokoll wird vom Schriftf\u00fchrer gef\u00fchrt. Ist dieser nicht anwesend, bestimmt der Versammlungsleiter einen Protokollf\u00fchrer.<\/p>\n\n\n\n<p>Die Form der Abstimmung bestimmt der Versammlungsleiter. Die Abstimmung muss schriftlich und geheim durchgef\u00fchrt werden, wenn ein Drittel der bei der Abstimmung anwesenden stimmberechtigten Mitglieder, dies w\u00fcnscht.<\/p>\n\n\n\n<p>Die Mitgliederversammlung ist nicht \u00f6ffentlich. Der Versammlungsleiter kann G\u00e4ste zulassen. \u00dcber die Zulassung der \u00f6ffentlichen Medien beschlie\u00dft die Mitgliederversammlung.<\/p>\n\n\n\n<p>Jede ordnungsgem\u00e4\u00df einberufene Mitgliederversammlung ist unabh\u00e4ngig von der Zahl der Erschienen beschlussf\u00e4hig.<\/p>\n\n\n\n<p>Die Mitgliederversammlung fasst alle Beschl\u00fcsse im Allgemeinen mit einfacher Mehrheit der abgegebenen g\u00fcltigen Stimmen; Stimmenthaltungen bleiben daher au\u00dfer Betracht. Zur \u00c4nderung der Satzung (einschlie\u00dflich des Vereinszweckes) ist jedoch eine Mehrheit von drei Viertel der abgegebenen g\u00fcltigen Stimmen, zur Aufl\u00f6sung des Vereines eine solche von vier F\u00fcnftel erforderlich.<\/p>\n\n\n\n<p>\u00dcber die Beschl\u00fcsse der Mitgliederversammlung ist ein Protokoll anzufertigen. Es soll folgende Feststellungen enthalten: Ort und Zeit der Versammlung, die Person des Versammlungsleiters und des Protokollf\u00fchrers, die Zahl der erschienenen Mitglieder, die Tagesordnung, die einzelnen Abstimmungsergebnisse und die Form der Abstimmung. Bei Satzungs\u00e4nderungen ist die zu \u00e4ndernde Bestimmung anzugeben. Das Protokoll der jeweiligen Versammlung geht jedem Mitglied in schriftlicher Form zu.<\/p>\n\n\n\n<p>Der Mitgliederversammlung obliegt<\/p>\n\n\n\n<ul class=\"wp-block-list\"><li>die Beschlussfassung \u00fcber alle grunds\u00e4tzlichen Fragen des Vereins<\/li><li>die Genehmigung des Protokolls<\/li><li>die Entgegennahme des Jahresberichtes und des Kassenberichtes<\/li><li>die Entlastung des Vorstandes<\/li><li>die Wahl des Vorstandes<\/li><li>die Festsetzung des Jahresbeitrages<\/li><li>die Vergabe der Hauptsonderschau und von sonstigen Sonderschauen.<\/li><li>die Benennung und der Einsatz der Sonderrichter und Preisrichter<\/li><li><strong>\u00a7 10 Vorstand<\/strong><\/li><\/ul>\n\n\n\n<p>Der gesch\u00e4ftsf\u00fchrende Vorstand des Vereines besteht aus<\/p>\n\n\n\n<ul class=\"wp-block-list\"><li>dem 1. Vorsitzenden<\/li><li>dem 2.Vorsitzenden<\/li><li>dem Kassierer<\/li><li>dem Schriftf\u00fchrer<\/li><li>Zum erweiterten Vorstand z\u00e4hlen<\/li><\/ul>\n\n\n\n<ul class=\"wp-block-list\"><li>der 2. Kassierer<\/li><li>der Zuchtwart<\/li><li>Der Gesamtvorstand wird von der Mitgliederversammlung f\u00fcr jeweils 3 Jahre gew\u00e4hlt. Turnusgem\u00e4\u00df sind zu w\u00e4hlen:<\/li><\/ul>\n\n\n\n<ul class=\"wp-block-list\"><li>in einem Jahr der Schriftf\u00fchrer und der 2. Kassierer.<\/li><li>im zweiten Jahr der 1. Vorsitzende und Zuchtwart.<\/li><li>im dritten Jahr der 2. Vorsitzende und der 1. Kassierer.<\/li><li>Bei den Wahlen entscheidet einfache Stimmenmehrheit. Scheidet ein Vorstandsmitglied vorzeitig aus, so ist f\u00fcr die Restlaufzeit der Amtsperiode eine Erg\u00e4nzungswahl vorzunehmen.<\/li><\/ul>\n\n\n\n<p>Die Vereinigung mehrerer Vorstands\u00e4mter in einer Person ist zul\u00e4ssig.<\/p>\n\n\n\n<p><strong>\u00a7 11 Verwaltung des Vereins<\/strong><\/p>\n\n\n\n<p>Der 1. Vorsitzende und im Fall seiner Verhinderung der 2. Vorsitzende vertreten den Verein nach innen und au\u00dfen in allen Angelegenheiten.<\/p>\n\n\n\n<p>Der 1. Kassierer, im Vertretungsfall der 2. Kassierer, zeigen sich Verantwortlich f\u00fcr die Kassengesch\u00e4fte und den Rechnungsabschluss sowie die erforderlichen Meldungen an den VDT.<\/p>\n\n\n\n<p>Der Schriftf\u00fchrer f\u00fchrt s\u00e4mtliche Niederschriften und Protokolle, erledigt den Schriftverkehr und verantwortet stets in Abstimmung mit dem 1.Vorsitzenden die Pressearbeit des Vereines.<\/p>\n\n\n\n<p>Der Zuchtwart zeigt sich verantwortlich um die Belange unserer 3 T\u00fcmlerrassen. Er organsiert und f\u00fchrt Z\u00fcchter- und Preisrichter Schulungen durch. Weiterhin ist er f\u00fcr den Inhalt der fachlichen Berichte verantwortlich.<\/p>\n\n\n\n<p><strong>\u00a7 12 Kassenpr\u00fcfung<\/strong><\/p>\n\n\n\n<p>Vor der Mitgliederversammlung werden zur Pr\u00fcfung der Kasse 2 anwesende Mitglieder bestimmt. Diese d\u00fcrfen nicht Mitglied des Vorstandes sein.<\/p>\n\n\n\n<p>Die Kassenpr\u00fcfer haben die Kasse des Vereins einschlie\u00dflich der B\u00fccher und Belege mindestens einmal pro Gesch\u00e4ftsjahr sachlich und rechnerisch zu pr\u00fcfen. Die Kassenpr\u00fcfer erstatten der Mitgliederversammlung einen Pr\u00fcfbericht und beantragen bei ordnungsgem\u00e4\u00dfer F\u00fchrung der Kassengesch\u00e4fte die Entlastung der Vorstandsmitglieder.<\/p>\n\n\n\n<p><strong>\u00a7 13 Ausstellungswesen<\/strong><\/p>\n\n\n\n<p>Nur dem Verein obliegt es, in Abstimmung mit dem Zuchtausschuss des VDT und dem Bundeszuchtausschuss (BZA) des BDRG bei Ausstellung und \u00dcberarbeitung der jeweils g\u00fcltigen Musterbeschreibungen mitzuwirken und Zuchtziele und Zuchtschwerpunkte zum Wohle der Rassen zu definieren. Der Verein ist alleiniges Organ zur Ernennung und Bestellung von Sonderrichtern. Diese<\/p>\n\n\n\n<p>haben Vorbildfunktion und sich aktiv f\u00fcr den Verein einzusetzen und regelm\u00e4\u00dfig an<br>Tierbesprechungen und Schulungen teilzunehmen.<\/p>\n\n\n\n<p>Der Verein hat allein das Recht zur Beschaffung und Vergabe von SV-Ehrenb\u00e4ndern. Ebenso beschlie\u00dft er allein die Bestimmungen zur Austragung von SV-Vereinsmeisterschaften und zur Vergabe von ihm angeschaffter Wanderpokal.<\/p>\n\n\n\n<p><strong>\u00a7 14 Ehrenordnung<\/strong><\/p>\n\n\n\n<p>Verdiente Zuchtfreunde k\u00f6nnen vom Verein<\/p>\n\n\n\n<ul class=\"wp-block-list\"><li>nach mindestens 15-j\u00e4hriger Mitgliedschaft mit der silbernen SV-Nadel<\/li><li>nach mindestens 25-j\u00e4hriger Mitgliedschaft mit der goldenen SV-Nadel<\/li><li>ausgezeichnet werden.<\/li><\/ul>\n\n\n\n<p>Jahre der Vorstandst\u00e4tigkeit und der T\u00e4tigkeit als Sonderrichter werden doppelt angerechnet.<\/p>\n\n\n\n<p><strong>\u00a7 15 Datenschutz<\/strong><\/p>\n\n\n\n<p>Mit dem Beitritt eines Mitglieds nimmt der Verein seine Adresse, sein Alter und seine Bankverbindung auf. Diese Informationen werden in dem vereinseigenen EDV-System gespeichert. Jedem Vereinsmitglied wird dabei eine Mitgliedsnummer zugeordnet. Die personenbezogenen Daten werden dabei durch geeignete technische und organisatorische Ma\u00dfnahmen vor der Kenntnisnahme Dritter gesch\u00fctzt.<\/p>\n\n\n\n<p>Sonstige Informationen und Informationen \u00fcber Nichtmitglieder werden von dem Verein grunds\u00e4tzlich intern nur verarbeitet, wenn sie zur F\u00f6rderung des Vereinszweckes n\u00fctzlich sind (z.B. Speicherung von Telefon- und Faxnummern einzelner Mitglieder) und keine Anhaltspunkte bestehen, dass die betroffene Person ein schutzw\u00fcrdiges Interesse hat, das der Verarbeitung entgegensteht.<\/p>\n\n\n\n<p>Als Mitglied des Vereins im VDT ist der Verein verpflichtet, seine Mitglieder an den Verband zu melden.<\/p>\n\n\n\n<p>\u00dcbermittelt werden hierbei Name, Geburtsdatum, Adresse und Kontaktdaten.<\/p>\n\n\n\n<p>Der Verein informiert die Fachpresse \u00fcber Ergebnisse und besondere Ereignisse. Solche Informationen werden \u00fcberdies auf der Internetseite des Vereins ver\u00f6ffentlicht. Das einzelne Mitglied kann jederzeit gegen\u00fcber dem Vorstand einer solchen Ver\u00f6ffentlichung widersprechen. Im Falle des Widerspruches unterbleiben in Bezug auf das widersprechende Mitglied weitere Ver\u00f6ffentlichungen. Personenbezogene Daten des widersprechenden Mitglieds werden von der Homepage des Vereins entfernt.<\/p>\n\n\n\n<p>Beim Austritt, Ausschluss oder Tod des Mitglieds werden die personenbezogenen Daten des Mitglieds archiviert. Personenbezogene Daten des austretenden Mitglieds, die Kassenverwaltung betreffen, werden gem\u00e4\u00df der steuergesetzlichen Bestimmungen bis zu zehn Jahre ab der schriftlichen Best\u00e4tigung des Austritts durch den Vorstand aufbewahrt.<\/p>\n\n\n\n<p><strong>\u00a7 16 Ver\u00f6ffentlichung<\/strong><\/p>\n\n\n\n<p>F\u00fcr die aktive Pressearbeit des Vereines sind der Schriftf\u00fchrer und der Zuchtwart verantwortlich. Rasse- und zuchtstands bezogene Artikel sind im Vorfeld mit dem gesch\u00e4ftsf\u00fchrenden Vorstand des Vereines abzustimmen.<\/p>\n\n\n\n<p><strong>\u00a7 17 Aufl\u00f6sung des Vereins<\/strong><\/p>\n\n\n\n<p>Die Aufl\u00f6sung des Vereines kann nur in einer Mitgliederversammlung mit der in \u00a7 9 festgelegten Stimmenmehrheit beschlossen werden. Sofern die Mitgliederversammlung nicht anderes beschlie\u00dft, sind der 1.Vorsitzende und der 2.Vorsitzende gemeinsam vertretungsberechtigte Liquidatoren. Die vorstehenden Vorschriften gelten entsprechend f\u00fcr den Fall, dass der Verein aus einem anderen Grund aufgel\u00f6st wird oder seine Rechtsf\u00e4higkeit verliert.<\/p>\n\n\n\n<p>Bei Aufl\u00f6sung des Vereines f\u00e4llt das Verm\u00f6gen<\/p>\n\n\n\n<ul class=\"wp-block-list\"><li>&nbsp;dem VDT (Verband Deutscher Rassetaubenz\u00fcchter)<\/li><li>&nbsp;oder der Institution zu, die die Aufgaben des Vereines \u00fcbernimmt.<\/li><\/ul>\n\n\n\n<p>Diese Satzungs\u00e4nderung wurde am 28.August 2016 von der Mitgliederversammlung in Rostock beschlossen.<\/p>\n\n\n\n<p>Kai Schnellb\u00e4cher (1.Vorsitzende)<\/p>\n","protected":false},"excerpt":{"rendered":"<p>\u00a7 1 Name, Sitz, Gesch\u00e4ftsjahr Der Verein f\u00fchrt den Namen \u201eSonderverein der Z\u00fcchter Stargarder Zitterh\u00e4lse, Pommersche Schaukappen und Ostpreu\u00dfische Werfer [&hellip;]<\/p>\n","protected":false},"author":1,"featured_media":0,"parent":0,"menu_order":0,"comment_status":"closed","ping_status":"closed","template":"","meta":{"cybocfi_hide_featured_image":"","footnotes":""},"class_list":["post-25","page","type-page","status-publish","hentry"],"_links":{"self":[{"href":"https:\/\/sv-stargarder.de\/index.php?rest_route=\/wp\/v2\/pages\/25","targetHints":{"allow":["GET"]}}],"collection":[{"href":"https:\/\/sv-stargarder.de\/index.php?rest_route=\/wp\/v2\/pages"}],"about":[{"href":"https:\/\/sv-stargarder.de\/index.php?rest_route=\/wp\/v2\/types\/page"}],"author":[{"embeddable":true,"href":"https:\/\/sv-stargarder.de\/index.php?rest_route=\/wp\/v2\/users\/1"}],"replies":[{"embeddable":true,"href":"https:\/\/sv-stargarder.de\/index.php?rest_route=%2Fwp%2Fv2%2Fcomments&post=25"}],"version-history":[{"count":2,"href":"https:\/\/sv-stargarder.de\/index.php?rest_route=\/wp\/v2\/pages\/25\/revisions"}],"predecessor-version":[{"id":131,"href":"https:\/\/sv-stargarder.de\/index.php?rest_route=\/wp\/v2\/pages\/25\/revisions\/131"}],"wp:attachment":[{"href":"https:\/\/sv-stargarder.de\/index.php?rest_route=%2Fwp%2Fv2%2Fmedia&parent=25"}],"curies":[{"name":"wp","href":"https:\/\/api.w.org\/{rel}","templated":true}]}}